{"id":493,"date":"2024-08-01T09:08:04","date_gmt":"2024-08-01T08:08:04","guid":{"rendered":"https:\/\/www.videonadzornisistemi.si\/?product=policetech-xvr0801h-5m-ai-ai-penta-brid-snemalnik"},"modified":"2024-08-01T09:08:04","modified_gmt":"2024-08-01T08:08:04","slug":"policetech-xvr0801h-5m-ai-ai-penta-brid-snemalnik","status":"publish","type":"product","link":"https:\/\/www.videonadzornisistemi.si\/?product=policetech-xvr0801h-5m-ai-ai-penta-brid-snemalnik","title":{"rendered":"POLICEtech XVR0801H-5M-AI AI Penta-brid SNEMALNIK"},"content":{"rendered":"<p>12 KANALNI FULL HD (8x BNC do 5Mp+ 4x IPC 6Mp\/96Mbps) \/ IVA (prestop linije) \/  AI (za\u0161\u010diteno obmo\u010dje) \/ SMD Plus (zaznavanje ljudi in vozil) \/ PREPOZNAVA obrazov<\/p>\n","protected":false},"excerpt":{"rendered":"<p>12 KANALNI FULL HD (8x BNC do 5Mp+ 4x IPC 6Mp\/96Mbps) \/ IVA (prestop linije) \/ AI (za\u0161\u010diteno obmo\u010dje) \/ SMD Plus (zaznavanje ljudi in vozil) \/ PREPOZNAVA obrazov<\/p>\n","protected":false},"featured_media":0,"template":"","meta":[],"product_brand":[],"product_cat":[22],"product_tag":[],"class_list":{"0":"post-493","1":"product","2":"type-product","3":"status-publish","5":"product_cat-8-kanalni-dvr-snemalniki","7":"first","8":"instock","9":"taxable","10":"shipping-taxable","11":"purchasable","12":"product-type-simple"},"_links":{"self":[{"href":"https:\/\/www.videonadzornisistemi.si\/index.php?rest_route=\/wp\/v2\/product\/493","targetHints":{"allow":["GET"]}}],"collection":[{"href":"https:\/\/www.videonadzornisistemi.si\/index.php?rest_route=\/wp\/v2\/product"}],"about":[{"href":"https:\/\/www.videonadzornisistemi.si\/index.php?rest_route=\/wp\/v2\/types\/product"}],"wp:attachment":[{"href":"https:\/\/www.videonadzornisistemi.si\/index.php?rest_route=%2Fwp%2Fv2%2Fmedia&parent=493"}],"wp:term":[{"taxonomy":"product_brand","embeddable":true,"href":"https:\/\/www.videonadzornisistemi.si\/index.php?rest_route=%2Fwp%2Fv2%2Fproduct_brand&post=493"},{"taxonomy":"product_cat","embeddable":true,"href":"https:\/\/www.videonadzornisistemi.si\/index.php?rest_route=%2Fwp%2Fv2%2Fproduct_cat&post=493"},{"taxonomy":"product_tag","embeddable":true,"href":"https:\/\/www.videonadzornisistemi.si\/index.php?rest_route=%2Fwp%2Fv2%2Fproduct_tag&post=493"}],"curies":[{"name":"wp","href":"https:\/\/api.w.org\/{rel}","templated":true}]}}