{"id":3,"date":"2022-02-03T14:17:36","date_gmt":"2022-02-03T13:17:36","guid":{"rendered":"http:\/\/0.0.0.0:8181\/?page_id=3"},"modified":"2022-04-16T09:23:52","modified_gmt":"2022-04-16T08:23:52","slug":"privacy-policy","status":"publish","type":"page","link":"https:\/\/www.videonadzornisistemi.si\/?page_id=3","title":{"rendered":"Politika zasebnosti"},"content":{"rendered":"\n<h1 class=\"wp-block-heading\" id=\"politika-zasebnosti-za-obiskovalce-spletne-strani\">Politika zasebnosti za obiskovalce spletne strani<\/h1>\n\n\n\n<p>Spletno mesto\u00a0www.videonadzornisistemi.si\u00a0upravlja Bilaz d.o.o. Sedejeva ulica 8, 5000 Nova Gorica <\/p>\n\n\n\n<p>Ta pravilnik o zasebnosti podrobno pojasnjuje, kako uporabljamo osebne podatke, ki nam jih posredujete ob uporabi spletne strani.<\/p>\n\n\n\n<h3 class=\"wp-block-heading\" id=\"1-kaj-so-osebni-podatki\">1. Kaj so osebni podatki?<\/h3>\n\n\n\n<p>Osebni podatki so informacije, ki vas neposredno ali posredno dolo\u010dajo kot posameznika, pri \u010demer \u00bbposredno\u00ab pomeni v kombinaciji z drugimi informacijami, npr. z va\u0161im imenom, po\u0161tnim naslovom, e-po\u0161tnim naslovom, telefonsko \u0161tevilko, identifikacijsko \u0161tevilko, podatki o lokaciji ali drugimi identifikatorji.<\/p>\n\n\n\n<h3 class=\"wp-block-heading\" id=\"2-katere-osebne-podatke-zbiramo\">2. Katere osebne podatke zbiramo?<\/h3>\n\n\n\n<p>\u010ce ste le obiskovalec spletnih strani videonadzornisistemi.si, o vas zbiramo podatke le z uporabo pi\u0161kotkov, o vas zbiramo tudi druge osebne podatke, ki jih potrebujemo za izvajanje storitev, ki ste jih naro\u010dili. Ti osebni podatki so:<\/p>\n\n\n\n<ul class=\"wp-block-list\"><li>ime in priimek;<\/li><li>kontaktni e-po\u0161tni naslov;<\/li><li>uporabni\u0161ko ime;<\/li><li>kontaktni telefon;<\/li><li>IP naslov;<\/li><li>podatke za izdajo ra\u010duna (ime in priimek, naslov in po\u0161tna \u0161tevilka).<\/li><\/ul>\n\n\n\n<h3 class=\"wp-block-heading\" id=\"3-kako-uporabljamo-obdelujemo-vase-osebne-podatke\">3. Kako uporabljamo (obdelujemo) va\u0161e osebne podatke?<\/h3>\n\n\n\n<p>Vsi posredovani osebni podatki so obravnavani zaupno in so uporabljeni zgolj za namen, zaradi katerega so bili posredovani. Bilaz d.o.o. ima zelo resen pristop k varnosti podatkov. Uporabljamo ustrezno stopnjo za\u0161\u010dite in vzpostavili smo razumne fizi\u010dne, elektronske in administrativne ukrepe, s katerimi zbrane podatke varujemo pred nenamernim ali nezakonskim uni\u010denjem, izgubo, spreminjanjem, nepoobla\u0161\u010denim razkritjem osebnih podatkov ali pred nepoobla\u0161\u010denim dostopom do osebnih podatkov, ki so bili preneseni, shranjeni ali druga\u010de obdelani. Na\u0161i pravilniki in postopki za za\u0161\u010dito informacij so tesno povezani s \u0161iroko sprejetimi mednarodnimi standardi in se redno preverjajo ter po potrebi posodabljajo, da se skladajo z na\u0161imi poslovnimi potrebami, spremembami v tehnologiji in regulativnimi zahtevami. Dostop do va\u0161ih osebnih podatkov je dovoljen samo osebju, ponudnikom storitev, ki te podatke potrebujejo iz poslovnih razlogov (poslovni \u00bbneed-to-know\u00ab), ali tistim, ki jih potrebujejo za opravljanje svojega dela.<\/p>\n\n\n\n<p>V primeru kr\u0161itve varnosti osebnih podatkov bo Bilaz d.o.o. sledil vsem relevantnim predpisom o kr\u0161itvi podatkov.<\/p>\n\n\n\n<p>V primeru naro\u010dila pla\u010dljive storitve na podlagi dav\u010dnih predpisov za pravilno izdajo ra\u010duna pridobimo in obdelujemo \u0161e va\u0161 naslov ter dav\u010dno \u0161tevilko pravnih oseb in samostojnih podjetnikov.<\/p>\n\n\n\n<p>Bilaz d.o.o. se zavezuje, da podatkov, ki jih boste posredovali preko spletnih strani ali na kakr\u0161enkoli drug na\u010din, ne bo prodajal, posojal ali kakorkoli druga\u010de posredoval tretjim osebam, razen v spodaj navedenih primerih in \u010de predpisi ne zapovedujejo druga\u010de.<\/p>\n\n\n\n<p>Va\u0161e osebne podatke bo Bilaz d.o.o. razkril zgolj navedenim tretjim osebam ob spodaj napisanih pogojih, pri \u010demer bo Bilaz d.o.o. zagotovil, da bodo va\u0161i osebni podatki obdelani, za\u0161\u010diteni in preneseni v skladu z veljavnimi predpisi:<\/p>\n\n\n\n<p><strong>Zunanji ponudniki storitev<\/strong><\/p>\n\n\n\n<p>Po potrebi bomo za izvajanje dolo\u010denih del, ki prispevajo k na\u0161im storitvam, pooblastili druga podjetja in posameznike. Osebne podatke lahko na primer posredujemo izvajalcem za gostitev na\u0161e podatkovne baze in aplikacij, za storitve obdelave podatkov ali za po\u0161iljanje informacij, ki ste jih zahtevali, za zagotavljanje podpornih storitev ipd. Zunanjim ponudnikom storitev bomo tovrstne podatke posredovali oziroma naredili dostopne samo v obsegu, ki ga zahteva dolo\u010den namen. Teh podatkov ne bodo smeli uporabljati v nobene druge namene. Zunanji ponudniki storitev Bilaz d.o.o. so pogodbeno zavezani k spo\u0161tovanju zaupnosti va\u0161ih osebnih podatkov.<\/p>\n\n\n\n<p><strong>Poslovni prenosi<\/strong><\/p>\n\n\n\n<p>V povezavi s kakr\u0161nokoli reorganizacijo, statusnim preoblikovanjem, prodajo ali s kakr\u0161nimkoli drugim prenosom sredstev (pod skupnim imenom \u00bbposlovni prenosi\u00ab) bomo podatke prenesli v razumnem obsegu in kot bo potrebno za poslovni prenos, in sicer pod pogojem, da se sprejemna stranka zave\u017ee k spo\u0161tovanju va\u0161ih osebnih podatkov v skladu z veljavnimi predpisi o varstvu osebnih podatkov. \u0160e naprej bomo zagotavljali zaupnost vseh osebnih podatkov in prizadete uporabnike obvestili, preden osebni podatki postanejo predmet drugega pravilnika o zasebnosti.<\/p>\n\n\n\n<p><strong>Javni organi<\/strong><\/p>\n\n\n\n<p>Javnim organom bomo va\u0161e osebne podatke razkrili samo v primerih, ko bo to zahtevala nacionalna zakonodaja ali pravo Evropske Unije. Bilaz d.o.o. se bo npr. odzval na zahteve sodi\u0161\u010d, organov pregona in drugih dr\u017eavnih organov, ki lahko vklju\u010dujejo tudi dr\u017eavne organe druge dr\u017eave \u010dlanice EU.<\/p>\n\n\n\n<h3 class=\"wp-block-heading\" id=\"4-zakoniti-interes\">4. Zakoniti interes<\/h3>\n\n\n\n<p>Na podlagi zakonitega interesa uporabljamo va\u0161e osebne podatke za odkrivanje in prepre\u010devanje goljufive uporabe in zlorabe storitev ali naro\u010dnin nanje, nadalje v okviru zagotavljanja stabilnega delovanja na\u0161ega sistema in storitev pa tudi za namene izvajanja ukrepov informacijske varnosti, izpolnjevanje zahtev v zvezi s kakovostjo storitev ter odkrivanje tehni\u010dnih okvar sistemov in storitev.<\/p>\n\n\n\n<p>Na podlagi zakonitega interesa uporabljamo va\u0161e osebne podatke tudi za namene morebitnih izvr\u0161b, sodne in izvensodne izterjave.<\/p>\n\n\n\n<h3 class=\"wp-block-heading\" id=\"5-vase-pravice-v-zvezi-z-vasimi-osebnimi-podatki\">5. Va\u0161e pravice v zvezi z va\u0161imi osebnimi podatki<\/h3>\n\n\n\n<p>Posamezniki lahko od Bilaz d.o.o. zahtevate dostop do osebnih podatkov, popravek, izbris ali omejitev obdelave va\u0161ih osebnih podatkov, imate pravici do ugovora obdelavi in prenosljivosti va\u0161ih osebnih podatkov.<\/p>\n\n\n\n<p><strong>Pravica do seznanitve:<\/strong>&nbsp;vedno imate pravico do seznanitve ali se v zvezi z vami obdelujejo osebni podatki in \u010de se, dostop do osebnih podatkov in naslednje informacije: (a) namene obdelave; (b) vrste zadevnih osebnih podatkov; (c) uporabnike ali kategorije uporabnika, ki so jim bili ali jim bodo razkriti osebni podatki; (d) predvideno obdobje hrambe osebnih podatkov ali, \u010de to ni mogo\u010de, merila, ki se uporabijo za dolo\u010ditev tega obdobja; (e) kadar osebni podatki niso zbrani od vas vse razpolo\u017eljive informacije v zvezi z njihovim virom.<\/p>\n\n\n\n<p><strong>Pravica do popravka:&nbsp;<\/strong>imate pravico, da popravimo neto\u010dne osebne podatke v zvezi z vami ter ob upo\u0161tevanju namenov obdelave, pravico do dopolnitve nepopolnih osebnih podatkov.<\/p>\n\n\n\n<p><strong>Pravica do izbrisa:<\/strong>&nbsp;pravico imate dose\u010di, da va\u0161e osebne podatke izbri\u0161emo, kadar velja eden od naslednjih razlogov:<\/p>\n\n\n\n<p>(a) osebni podatki niso ve\u010d potrebni v namene, za katere so bili zbrani ali kako druga\u010de obdelani; (b) kadar prekli\u010dete privolitev, na podlagi katere poteka obdelava in kadar za obdelavo ne obstaja nobena druga pravna podlaga; (c) kadar obdelavi ugovarjate, za njihovo obdelavo pa ne obstajajo nobeni prevladujo\u010di zakoniti razlogi; (d) osebni podatki so bili obdelani nezakonito.<\/p>\n\n\n\n<p><strong>Pravica do omejitve obdelave:<\/strong>&nbsp;pravico imate dose\u010di, da omejimo obdelavo va\u0161ih osebnih podatkov, kadar velja en od naslednjih primerov:<\/p>\n\n\n\n<p>(a) kadar oporekate to\u010dnosti podatkov, in sicer za obdobje, ki nam omogo\u010da preveriti to\u010dnost osebnih podatkov; (b) je obdelava nezakonita, vi pa nasprotuje izbrisu osebnih podatkov ter namesto tega zahteva omejitev njihove uporabe; (c) va\u0161ih osebnih podatkov ne potrebujemo ve\u010d za namene obdelave, temve\u010d jih vi potrebujete za uveljavljanje, izvajanje ali obrambo pravnih zahtevkov; (d) \u010de ste vlo\u017eili ugovor v zvezi z obdelavo, ki temelji na zakonitih interesih Bilaz d.o.o., dokler se ne preveri, ali na\u0161i zakoniti razlogi prevladajo nad va\u0161imi razlogi.<\/p>\n\n\n\n<p>Kadar je bila obdelava va\u0161ih osebnih podatkov omejena v skladu s prej\u0161njim odstavkom, se taki osebni podatki z izjemo njihovega shranjevanja obdelujejo le z va\u0161o privolitvijo, ali za uveljavljanje, izvajanje ali obrambo pravnih zahtevkov ali zaradi varstva pravic druge fizi\u010dne ali pravne osebe.<\/p>\n\n\n\n<p>Pred preklicem omejitve obdelave va\u0161ih osebnih podatkov smo vas o tem dol\u017eni obvestiti.<\/p>\n\n\n\n<p><strong>Pravica do prenosljivosti podatkov:<\/strong>&nbsp;pravico imate, da prejmete va\u0161e osebne podatke, ki ste nam jih posredovali, v strukturirani, splo\u0161no uporabljani in strojno berljivi obliki, in pravico, da te podatke posredujete drugemu upravljavcu, kadar obdelava temelji na va\u0161i privolitvi ali se obdelava izvaja z avtomatiziranimi sredstvi. Na va\u0161o zahtevo, kadar je to tehni\u010dno izvedljivo, se lahko osebni podatki neposredno prenesejo k drugemu upravljavcu.<\/p>\n\n\n\n<p><strong>Pravica do ugovora:<\/strong>&nbsp;kadar va\u0161e podatke obdelujemo na podlagi zakonitega interesa za namene tr\u017eenja, lahko taki obdelavi kadarkoli ugovarjate.<\/p>\n\n\n\n<p><strong>Pravica do vlo\u017eitve prito\u017ebe pri Informacijskem poobla\u0161\u010dencu:<\/strong>&nbsp;\u010de o va\u0161i zahtevi ne odlo\u010dimo v zakonskem roku ali va\u0161o zahtevo zavrnemo, imate mo\u017enost vlo\u017eitve prito\u017ebe pri Informacijskem poobla\u0161\u010dencu.<\/p>\n\n\n\n<h3 class=\"wp-block-heading\" id=\"6-dostop-in-popravek-vasih-osebnih-podatkov-ter-uveljavljanje-drugih-pravic\">6. Dostop in popravek va\u0161ih osebnih podatkov ter uveljavljanje drugih pravic<\/h3>\n\n\n\n<p>Kot uporabnik spletnega mesta Bilaz d.o.o. imate pravico da preverite ali Bilaz d.o.o. obdeluje osebne podatke o vas in do dostopa o osebnih podatkih, ki jih o vas hranimo oz. obdelujemo (v tem primeru vam jih bomo posredovali v obliki PDF dokumenta, ki je strojno berljiv). Vedno lahko zahtevate, da se neto\u010dni osebni podatki o vas popravijo. V kolikor menite, da ne obstaja ve\u010d upravi\u010den razlog za nadaljnjo uporabo oz. obdelavo va\u0161ih osebnih podatkov nam to sporo\u010dite, vendar dolo\u010denih osebnih podatkov, ki jih zbiramo na podlagi Zakona o davku na dodano vrednost ne smemo zbrisati. Imate tudi pravico, da omejite uporabo va\u0161ih osebnih podatkov v primerih, ko oporekate to\u010dnosti osebnih podatkov, ko ocenite, da je obdelava nezakonita vendar ne \u017eelite izbrisa in ko osebni podatki niso ve\u010d potrebni za namen obdelave potrebujete pa jih za uveljavitev pravnih zahtevkov. V primeru naro\u010dila na e-novice imate pravico ugovarjati obdelavi va\u0161ih osebnih podatkov<\/p>\n\n\n\n<p>Za morebitno uveljavljanje svojih opisanih pravic, vas prosimo, da nam svojo zahtevo posredujete pisno, preko elektronske po\u0161te na naslov&nbsp;<a href=\"mailto:info@bilaz.si\" data-type=\"mailto\" data-id=\"mailto:info@bilaz.si\">info@bilaz.si<\/a>&nbsp;(Vasja Clemente). O va\u0161i zahtevi vam bo odgovorna oseba &nbsp;odgovorila v predpisanem roku 1 meseca. V primeru zapletenosti in ve\u010djega \u0161tevila zahtev lahko rok podalj\u0161amo za najve\u010d dva dodatna meseca, o \u010demer boste obve\u0161\u010deni.<\/p>\n\n\n\n<h3 class=\"wp-block-heading\" id=\"7-hramba\">7. Hramba<\/h3>\n\n\n\n<p>Bilaz d.o.o. enkrat letno opravi revizijo obstoje\u010dih naro\u010dnikov in v kolikor \u017ee dalj \u010dasa niste kupovali nobene izmed izdelkov vam bomo poslali e-po\u0161to, da obnovite soglasje  z 14-dnevnim rokom, v nasprotnem primeru bomo va\u0161e osebne podatke izbrisali.<\/p>\n\n\n\n<p>Bilaz d.o.o. hrani podatke v zvezi z opravljenimi storitvami \u0161e en mesec po zaklju\u010dku storitve. Po tem \u010dasu jih izbri\u0161emo, \u010de zakon ne dolo\u010da druga\u010de. Na podlagi dolo\u010db dav\u010dnih predpisov je npr. Bilaz d.o.o. zavezan hraniti ra\u010dune, na katerih so osebni podatki naro\u010dnika storitev MP \u0161e 10 let po opravljeni storitvi.<\/p>\n\n\n\n<p>Bilaz d.o.o. tudi ne bo izbrisal tistih podatkov, ki jih potrebuje, da si zagotovi dokaz, da je podatke o osebi izbrisal (t.i. revizijska sled), in da hrani zapise o osebah, ki ne \u017eelijo, da jih Bilaz d.o.o. v prihodnje kontaktira. Ti podatki so email naslov ter ime in priimek.<\/p>\n\n\n\n<h3 class=\"wp-block-heading\" id=\"8-piskotki\">8. Pi\u0161kotki<\/h3>\n\n\n\n<p>Bilaz d.o.o. na spletnem mestu uporablja \u201cpi\u0161kotke\u201d- to so majhne datoteke, ki se ob obisku strani shranijo na va\u0161 ra\u010dunalnik. Pi\u0161kotki vam lahko olaj\u0161ajo nadaljnje obiske strani. Z nastavitvami v va\u0161em brskalniku se lahko odlo\u010dite ali boste \u201cpi\u0161kotke\u201d sprejeli ali zavrnili.<\/p>\n\n\n\n<p>\u010ce \u00bbpi\u0161kotkov\u00ab ne sprejmete, nekatere spletne strani morda ne bodo prikazane pravilno ali pa vam ne bo omogo\u010den dostop do vseh informacij ali funkcionalnosti spletnih strani, ni pa sprejem pi\u0161kotov pogoj za uporabo spletne strani Bilaz d.o.o..<\/p>\n\n\n\n<p>9. Sprememba pravil zasebnosti<\/p>\n\n\n\n<p>Bilaz d.o.o. si pridr\u017euje pravico, da lahko po lastni presoji kadarkoli spremeni svojo politiko o zasebnosti in posodobi ter spremeni ta pravilnik o zasebnosti. Zato vam svetujemo, da ta pravilnik o zasebnosti redno pregledujete. Bilaz d.o.o.vas bo obvestil &nbsp;o spremembah teh Pravil zasebnosti po e-po\u0161ti le v primeru, da gre za bistvene spremembe, ki vplivajo na obdelavo osebnih podatkov.<\/p>\n\n\n\n<h3 class=\"wp-block-heading\" id=\"10-kontakt\">10. Kontakt<\/h3>\n\n\n\n<p>\u010ce imate kak\u0161no vpra\u0161anje o pravilniku o zasebnosti ali o podatkih, ki jih o vas hranimo, nam pi\u0161ite na e-po\u0161tni naslov info@bilaz.si<\/p>\n","protected":false},"excerpt":{"rendered":"<p>Politika zasebnosti za obiskovalce spletne strani Spletno mesto\u00a0www.videonadzornisistemi.si\u00a0upravlja Bilaz d.o.o. Sedejeva ulica 8, 5000 Nova Gorica Ta pravilnik o zasebnosti podrobno pojasnjuje, kako uporabljamo osebne podatke, ki nam jih posredujete ob uporabi spletne strani. 1. Kaj so osebni podatki? Osebni podatki so informacije, ki vas neposredno ali posredno dolo\u010dajo kot posameznika, pri \u010demer \u00bbposredno\u00ab pomeni [&hellip;]<\/p>\n","protected":false},"author":1,"featured_media":0,"parent":0,"menu_order":0,"comment_status":"closed","ping_status":"closed","template":"template-fullwidth.php","meta":{"footnotes":""},"class_list":["post-3","page","type-page","status-publish","hentry"],"_links":{"self":[{"href":"https:\/\/www.videonadzornisistemi.si\/index.php?rest_route=\/wp\/v2\/pages\/3","targetHints":{"allow":["GET"]}}],"collection":[{"href":"https:\/\/www.videonadzornisistemi.si\/index.php?rest_route=\/wp\/v2\/pages"}],"about":[{"href":"https:\/\/www.videonadzornisistemi.si\/index.php?rest_route=\/wp\/v2\/types\/page"}],"author":[{"embeddable":true,"href":"https:\/\/www.videonadzornisistemi.si\/index.php?rest_route=\/wp\/v2\/users\/1"}],"replies":[{"embeddable":true,"href":"https:\/\/www.videonadzornisistemi.si\/index.php?rest_route=%2Fwp%2Fv2%2Fcomments&post=3"}],"version-history":[{"count":2,"href":"https:\/\/www.videonadzornisistemi.si\/index.php?rest_route=\/wp\/v2\/pages\/3\/revisions"}],"predecessor-version":[{"id":141,"href":"https:\/\/www.videonadzornisistemi.si\/index.php?rest_route=\/wp\/v2\/pages\/3\/revisions\/141"}],"wp:attachment":[{"href":"https:\/\/www.videonadzornisistemi.si\/index.php?rest_route=%2Fwp%2Fv2%2Fmedia&parent=3"}],"curies":[{"name":"wp","href":"https:\/\/api.w.org\/{rel}","templated":true}]}}